{"id":148,"date":"2012-04-04T20:38:05","date_gmt":"2012-04-04T23:38:05","guid":{"rendered":"https:\/\/itera.com.uy\/wp57\/?page_id=148"},"modified":"2018-06-04T08:12:24","modified_gmt":"2018-06-04T11:12:24","slug":"consultoria","status":"publish","type":"page","link":"https:\/\/itera.com.uy\/wp57\/consultoria\/","title":{"rendered":"Consultor\u00eda"},"content":{"rendered":"<p><span style=\"color: #000000;\">Ayudamos a su empresa a identificar las causas de los problemas que obstaculizan el flujo natural de sus procesos de ventas y gesti\u00f3n.<\/span><\/p>\n<p><span style=\"color: #000000;\">Cuando los problemas tecnol\u00f3gicos parecen no tener soluci\u00f3n y ya se agotaron todas las recetas, es necesario un enfoque sistem\u00e1tico que ataque la ra\u00edz del problema.<\/span><\/p>\n<p><span style=\"color: #000000;\"> Seguramente le podemos ayudar, cont\u00e1ctenos.<\/span><\/p>\n","protected":false},"excerpt":{"rendered":"<p>Ayudamos a su empresa a identificar las causas de los problemas que obstaculizan el flujo natural de sus procesos de ventas y gesti\u00f3n.<br \/>\nCuando los problemas tecnol\u00f3gicos parecen no tener soluci\u00f3n y ya se agotaron todas las recetas, es necesario un enfoque sistem\u00e1tico que ataque la ra\u00edz del problema.<br \/>\n Seguramente le podemos ayudar, cont\u00e1ctenos.<\/p>\n","protected":false},"author":1,"featured_media":0,"parent":0,"menu_order":0,"comment_status":"closed","ping_status":"closed","template":"template_rightnav.php","meta":{"footnotes":""},"_links":{"self":[{"href":"https:\/\/itera.com.uy\/wp57\/wp-json\/wp\/v2\/pages\/148"}],"collection":[{"href":"https:\/\/itera.com.uy\/wp57\/wp-json\/wp\/v2\/pages"}],"about":[{"href":"https:\/\/itera.com.uy\/wp57\/wp-json\/wp\/v2\/types\/page"}],"author":[{"embeddable":true,"href":"https:\/\/itera.com.uy\/wp57\/wp-json\/wp\/v2\/users\/1"}],"replies":[{"embeddable":true,"href":"https:\/\/itera.com.uy\/wp57\/wp-json\/wp\/v2\/comments?post=148"}],"version-history":[{"count":8,"href":"https:\/\/itera.com.uy\/wp57\/wp-json\/wp\/v2\/pages\/148\/revisions"}],"predecessor-version":[{"id":244,"href":"https:\/\/itera.com.uy\/wp57\/wp-json\/wp\/v2\/pages\/148\/revisions\/244"}],"wp:attachment":[{"href":"https:\/\/itera.com.uy\/wp57\/wp-json\/wp\/v2\/media?parent=148"}],"curies":[{"name":"wp","href":"https:\/\/api.w.org\/{rel}","templated":true}]}}