{"id":17,"date":"2012-04-04T13:30:59","date_gmt":"2012-04-04T16:30:59","guid":{"rendered":"https:\/\/itera.com.uy\/wp57\/?page_id=17"},"modified":"2018-06-04T08:07:01","modified_gmt":"2018-06-04T11:07:01","slug":"nosotros","status":"publish","type":"page","link":"https:\/\/itera.com.uy\/wp57\/nosotros\/","title":{"rendered":"Nosotros"},"content":{"rendered":"<p><span style=\"color: #000000;\">Somos una empresa uruguaya y nuestro objetivo es brindar soluciones a empresas que buscan expandir sus operaciones en Internet.<\/span><\/p>\n<p><span style=\"color: #000000;\">Nuestra meta es ser un partner confiable y referente para nuestros clientes en temas de comercio electr\u00f3nico y software de gesti\u00f3n.<\/span><\/p>\n<p><span style=\"color: #000000;\">Nuestro trabajo se sustenta en la innovaci\u00f3n, colaborando con diversas empresas, intentando siempre acercar la tecnolog\u00eda y el desarrollo a los procesos productivos de nuestros clientes.<\/span><\/p>\n<p><span style=\"color: #000000;\">Nuestros productos son herramientas desarrolladas en base a software libre, sin costos de licencias y con la posibilidad de ser modificadas y adaptadas a las necesidades particulares de cada empresa.<\/span><\/p>\n<p><span style=\"color: #000000;\">Creemos que el desarrollo sostenido es posible en base a la innovaci\u00f3n, y que esta depende de estar acompa\u00f1ando los cambios del mercado y de la tecnolog\u00eda a escala local y global,\u00a0 abiertos a nuevos desaf\u00edos y atentos a escuchar las necesidades de nuestros clientes. El respeto a ellos y a cada integrante del equipo humano que compone la empresa, es una de las claves en la premisa de creer que juntos podemos ir siempre adelante y llegar m\u00e1s lejos.<\/span><\/p>\n<p>&nbsp;<\/p>\n<p>&nbsp;<\/p>\n<p>&nbsp;<\/p>\n<p>&nbsp;<\/p>\n<p>&nbsp;<\/p>\n<p>&nbsp;<\/p>\n","protected":false},"excerpt":{"rendered":"<p>Somos una empresa uruguaya y nuestro objetivo es brindar soluciones a empresas que buscan expandir sus operaciones en Internet.<br \/>\nNuestra meta es ser un partner confiable y referente para nuestros clientes en temas de comercio electr\u00f3nico y software de gesti\u00f3n.<br \/>\nNuestro trabajo se sustenta en la innovaci\u00f3n, colaborando con diversas empresas, intentando siempre acercar la tecnolog\u00eda y el desarrollo a los procesos productivos de nuestros clientes.<br \/>\nNuestros productos son herramientas desarrolladas en base a software libre, sin costos de licencias &#8230;<\/p>\n","protected":false},"author":1,"featured_media":0,"parent":0,"menu_order":0,"comment_status":"closed","ping_status":"closed","template":"","meta":{"footnotes":""},"_links":{"self":[{"href":"https:\/\/itera.com.uy\/wp57\/wp-json\/wp\/v2\/pages\/17"}],"collection":[{"href":"https:\/\/itera.com.uy\/wp57\/wp-json\/wp\/v2\/pages"}],"about":[{"href":"https:\/\/itera.com.uy\/wp57\/wp-json\/wp\/v2\/types\/page"}],"author":[{"embeddable":true,"href":"https:\/\/itera.com.uy\/wp57\/wp-json\/wp\/v2\/users\/1"}],"replies":[{"embeddable":true,"href":"https:\/\/itera.com.uy\/wp57\/wp-json\/wp\/v2\/comments?post=17"}],"version-history":[{"count":34,"href":"https:\/\/itera.com.uy\/wp57\/wp-json\/wp\/v2\/pages\/17\/revisions"}],"predecessor-version":[{"id":43,"href":"https:\/\/itera.com.uy\/wp57\/wp-json\/wp\/v2\/pages\/17\/revisions\/43"}],"wp:attachment":[{"href":"https:\/\/itera.com.uy\/wp57\/wp-json\/wp\/v2\/media?parent=17"}],"curies":[{"name":"wp","href":"https:\/\/api.w.org\/{rel}","templated":true}]}}