{"id":170,"date":"2012-04-04T20:50:34","date_gmt":"2012-04-04T23:50:34","guid":{"rendered":"https:\/\/itera.com.uy\/wp57\/?page_id=170"},"modified":"2012-09-30T23:07:56","modified_gmt":"2012-10-01T02:07:56","slug":"e-comerce","status":"publish","type":"page","link":"https:\/\/itera.com.uy\/wp57\/e-comerce\/","title":{"rendered":"E-Commerce"},"content":{"rendered":"<p>El comercio electr\u00f3nico en nuestro pa\u00eds se est\u00e1 desarrollando de la mano de la expansi\u00f3n de las tarjetas de cr\u00e9dito y de d\u00e9bito.<\/p>\n<p>Las empresas pueden ofrecer sus productos de diferentes formas en el mundo virtual pero, al igual que en el mundo real, es necesario que la oferta sea bien conocida por los clientes. Estos, al visitar el sitio de la empresa, deben ser bien atendidos y los productos o servicios que compren deben llegar sus manos en tiempo y forma.<\/p>\n<p>ITERA cuenta\u00a0 con soluciones propias y probados casos de \u00e9xito de integraci\u00f3n del pago en l\u00ednea, tanto con tarjetas de cr\u00e9dito locales, regionales\u00a0 e internacionales de VISA, MASTER, OCA y CABAL, como mediante la red de locales de cobranza REDPAGOS.<\/p>\n<p>Dise\u00f1amos su sitio de venta, \u00a0nos encargamos de su administraci\u00f3n y de la log\u00edstica, para que pueda crecer en forma sustentable en Internet sin descuidar su negocio real.<\/p>\n<p>Cont\u00e1ctenos y con gusto proyectaremos su negocio en la red.<\/p>\n","protected":false},"excerpt":{"rendered":"<p>El comercio electr\u00f3nico en nuestro pa\u00eds se est\u00e1 desarrollando de la mano de la expansi\u00f3n de las tarjetas de cr\u00e9dito y de d\u00e9bito.<br \/>\nLas empresas pueden ofrecer sus productos de diferentes formas en el mundo virtual pero, al igual que en el mundo real, es necesario que la oferta sea bien conocida por los clientes. Estos, al visitar el sitio de la empresa, deben ser bien atendidos y los productos o servicios que compren deben llegar sus manos en tiempo &#8230;<\/p>\n","protected":false},"author":1,"featured_media":0,"parent":0,"menu_order":0,"comment_status":"closed","ping_status":"closed","template":"template_rightnav.php","meta":{"footnotes":""},"_links":{"self":[{"href":"https:\/\/itera.com.uy\/wp57\/wp-json\/wp\/v2\/pages\/170"}],"collection":[{"href":"https:\/\/itera.com.uy\/wp57\/wp-json\/wp\/v2\/pages"}],"about":[{"href":"https:\/\/itera.com.uy\/wp57\/wp-json\/wp\/v2\/types\/page"}],"author":[{"embeddable":true,"href":"https:\/\/itera.com.uy\/wp57\/wp-json\/wp\/v2\/users\/1"}],"replies":[{"embeddable":true,"href":"https:\/\/itera.com.uy\/wp57\/wp-json\/wp\/v2\/comments?post=170"}],"version-history":[{"count":11,"href":"https:\/\/itera.com.uy\/wp57\/wp-json\/wp\/v2\/pages\/170\/revisions"}],"predecessor-version":[{"id":275,"href":"https:\/\/itera.com.uy\/wp57\/wp-json\/wp\/v2\/pages\/170\/revisions\/275"}],"wp:attachment":[{"href":"https:\/\/itera.com.uy\/wp57\/wp-json\/wp\/v2\/media?parent=170"}],"curies":[{"name":"wp","href":"https:\/\/api.w.org\/{rel}","templated":true}]}}