{"id":19,"date":"2012-04-04T13:31:23","date_gmt":"2012-04-04T16:31:23","guid":{"rendered":"https:\/\/itera.com.uy\/wp57\/?page_id=19"},"modified":"2012-05-25T16:41:54","modified_gmt":"2012-05-25T19:41:54","slug":"servicios","status":"publish","type":"page","link":"https:\/\/itera.com.uy\/wp57\/servicios\/","title":{"rendered":"Servicios"},"content":{"rendered":"<p>Somos una empresa de ingenier\u00eda, enfocada a la b\u00fasqueda de soluciones para nuestros clientes.<\/p>\n<p>Ofrecemos servicios de consultor\u00eda, dise\u00f1o y desarrollo de proyectos hasta su finalizaci\u00f3n.<\/p>\n<p><a href=\"https:\/\/itera.com.uy\/wp57\/nosotros\/\">Cont\u00e1ctenos<\/a> para saber m\u00e1s de nosotros.<\/p>\n<p>&nbsp;<\/p>\n<p>&nbsp;<\/p>\n<p>&nbsp;<\/p>\n","protected":false},"excerpt":{"rendered":"<p>Somos una empresa de ingenier\u00eda, enfocada a la b\u00fasqueda de soluciones para nuestros clientes.<br \/>\nOfrecemos servicios de consultor\u00eda, dise\u00f1o y desarrollo de proyectos hasta su finalizaci\u00f3n.<br \/>\nCont\u00e1ctenos para saber m\u00e1s de nosotros.<br \/>\n&nbsp;<br \/>\n&nbsp;<br \/>\n&nbsp;<\/p>\n","protected":false},"author":1,"featured_media":0,"parent":0,"menu_order":0,"comment_status":"closed","ping_status":"closed","template":"","meta":{"footnotes":""},"_links":{"self":[{"href":"https:\/\/itera.com.uy\/wp57\/wp-json\/wp\/v2\/pages\/19"}],"collection":[{"href":"https:\/\/itera.com.uy\/wp57\/wp-json\/wp\/v2\/pages"}],"about":[{"href":"https:\/\/itera.com.uy\/wp57\/wp-json\/wp\/v2\/types\/page"}],"author":[{"embeddable":true,"href":"https:\/\/itera.com.uy\/wp57\/wp-json\/wp\/v2\/users\/1"}],"replies":[{"embeddable":true,"href":"https:\/\/itera.com.uy\/wp57\/wp-json\/wp\/v2\/comments?post=19"}],"version-history":[{"count":7,"href":"https:\/\/itera.com.uy\/wp57\/wp-json\/wp\/v2\/pages\/19\/revisions"}],"predecessor-version":[{"id":241,"href":"https:\/\/itera.com.uy\/wp57\/wp-json\/wp\/v2\/pages\/19\/revisions\/241"}],"wp:attachment":[{"href":"https:\/\/itera.com.uy\/wp57\/wp-json\/wp\/v2\/media?parent=19"}],"curies":[{"name":"wp","href":"https:\/\/api.w.org\/{rel}","templated":true}]}}