{"id":21,"date":"2012-04-04T13:31:38","date_gmt":"2012-04-04T16:31:38","guid":{"rendered":"https:\/\/itera.com.uy\/wp57\/?page_id=21"},"modified":"2012-04-04T14:11:37","modified_gmt":"2012-04-04T17:11:37","slug":"productos","status":"publish","type":"page","link":"https:\/\/itera.com.uy\/wp57\/productos\/","title":{"rendered":"Productos"},"content":{"rendered":"<p>Esta \u00e1rea est\u00e1 en actualizaci\u00f3n. En breve presentaremos nuestros nuevos productos.<\/p>\n<p>De todos modos, si no llega a estar aqu\u00ed lo que necesita haremos lo posible por concretar sus ideas.<\/p>\n<p>Cont\u00e1ctenos.<\/p>\n<p>&nbsp;<\/p>\n<p>&nbsp;<\/p>\n<p>&nbsp;<\/p>\n","protected":false},"excerpt":{"rendered":"<p>Esta \u00e1rea est\u00e1 en actualizaci\u00f3n. En breve presentaremos nuestros nuevos productos.<br \/>\nDe todos modos, si no llega a estar aqu\u00ed lo que necesita haremos lo posible por concretar sus ideas.<br \/>\nCont\u00e1ctenos.<br \/>\n&nbsp;<br \/>\n&nbsp;<br \/>\n&nbsp;<\/p>\n","protected":false},"author":1,"featured_media":0,"parent":0,"menu_order":0,"comment_status":"closed","ping_status":"closed","template":"","meta":{"footnotes":""},"_links":{"self":[{"href":"https:\/\/itera.com.uy\/wp57\/wp-json\/wp\/v2\/pages\/21"}],"collection":[{"href":"https:\/\/itera.com.uy\/wp57\/wp-json\/wp\/v2\/pages"}],"about":[{"href":"https:\/\/itera.com.uy\/wp57\/wp-json\/wp\/v2\/types\/page"}],"author":[{"embeddable":true,"href":"https:\/\/itera.com.uy\/wp57\/wp-json\/wp\/v2\/users\/1"}],"replies":[{"embeddable":true,"href":"https:\/\/itera.com.uy\/wp57\/wp-json\/wp\/v2\/comments?post=21"}],"version-history":[{"count":5,"href":"https:\/\/itera.com.uy\/wp57\/wp-json\/wp\/v2\/pages\/21\/revisions"}],"predecessor-version":[{"id":74,"href":"https:\/\/itera.com.uy\/wp57\/wp-json\/wp\/v2\/pages\/21\/revisions\/74"}],"wp:attachment":[{"href":"https:\/\/itera.com.uy\/wp57\/wp-json\/wp\/v2\/media?parent=21"}],"curies":[{"name":"wp","href":"https:\/\/api.w.org\/{rel}","templated":true}]}}